
{"id":69,"date":"2020-10-16T10:47:43","date_gmt":"2020-10-16T08:47:43","guid":{"rendered":"https:\/\/przedszkole107.edu.wroclaw.pl\/?page_id=69"},"modified":"2025-03-27T18:45:30","modified_gmt":"2025-03-27T17:45:30","slug":"o-przedszkolu","status":"publish","type":"page","link":"https:\/\/przedszkole107.edu.wroclaw.pl\/index.php\/strona-glowna\/o-przedszkolu\/","title":{"rendered":"O przedszkolu"},"content":{"rendered":"<div class=\"wpb-content-wrapper\"><p>[vc_row][vc_column][vc_column_text css=&#8221;&#8221;]<\/p>\n<div class=\"entry-content\">\n<h2>Informacje o plac\u00f3wce<\/h2>\n<p>Przedszkole po\u0142o\u017cone w dzielnicy Krzyki,\u00a0 przy ul. Stysia, z dala od ruchliwych ulic, otoczone blokami mieszkalnymi, w miejscu przyjaznym dla dziecka. Jest to budynek po remoncie : wymienione okna, ocieplony, nowa elewacja, wymieniony dach, wolnostoj\u0105cy, jednopi\u0119trowy, otoczony du\u017cym placem zabaw wyposa\u017conym w sprz\u0119t rekreacyjny, dwie piaskownice, oraz g\u00f3rk\u0119 do biegania a zim\u0105 do jazdy na sankach. W dalszym ci\u0105gu modernizowanym i upi\u0119kszanym.<\/p>\n<p>Przedszkole czynne jest w godzinach od <strong>6:30 do 17:00<\/strong>.<\/p>\n<p>Do dyspozycji dzieci w przedszkolu oddanych jest 5 kolorowych sal zabaw. Sale s\u0105 dobrze wyposa\u017cone, jasne i przestronne.<br \/>\nDo przedszkola ucz\u0119szcza 125 dzieci podzielonych na 5 grup.<\/p>\n<ul>\n<li>3- latki \u2013 Biedronki<\/li>\n<li>4- latki \u2013 Pszcz\u00f3\u0142ki<\/li>\n<li>5- latki \u2013 \u017babki<\/li>\n<li>5- latki \u2013 Motylki<\/li>\n<li>6 \u2013 latki \u2013 Sowy<\/li>\n<\/ul>\n<p>Dzieci le\u017cakuj\u0105 tylko w grupie 3-latk\u00f3w.<\/p>\n<h2>Oferta gastronomiczna<\/h2>\n<p>Dzieci otrzymuj\u0105 3 posi\u0142ki dziennie<\/p>\n<ul>\n<li>I \u015aniadanie\u00a0 \u00a0 \u00a0 \u00a0godz.\u00a0\u00a0 8:30<\/li>\n<li>II \u015bniadanie\u00a0 \u00a0 \u00a0 godz.\u00a0 11:00<\/li>\n<li>Obiad \u00a0 \u00a0 \u00a0 \u00a0 \u00a0 \u00a0 \u00a0 \u00a0 godz.\u00a0 13:30<\/li>\n<\/ul>\n<p>Przedszkole posiada dobrze wyposa\u017con\u0105 kuchni\u0119 w zwi\u0105zku z tym serwuje domowe posi\u0142ki z du\u017c\u0105 ilo\u015bci\u0105 warzyw i owoc\u00f3w. <strong>Posi\u0142ki przygotowywane s\u0105 w ca\u0142o\u015bci w naszej kuchni, nie korzystamy z p\u00f3\u0142produkt\u00f3w.<\/strong> Dbaj\u0105c o zdrowe \u017cywienie dzieci, przygotowujemy posi\u0142ki w piecu konwekcyjno-parowym, dzi\u0119ki temu u\u017cycie t\u0142uszczy i soli jest mocno zmniejszone. Realizujemy Dobr\u0105 Praktyk\u0119 \u017bywieniow\u0105 typu HACCP.<\/p>\n<p>W ramach realizacji Programu Promocji Zdrowia dzieci pij\u0105 \u015bwie\u017ce soki warzywno \u2013 owocowe.<\/p>\n<\/div>\n<p>[\/vc_column_text][\/vc_column][\/vc_row]<\/p>\n<\/div>","protected":false},"excerpt":{"rendered":"<p>[vc_row][vc_column][vc_column_text css=&#8221;&#8221;] Informacje o plac\u00f3wce Przedszkole po\u0142o\u017cone w dzielnicy Krzyki,\u00a0 przy ul. Stysia, z dala od ruchliwych ulic, otoczone blokami mieszkalnymi, w miejscu przyjaznym dla dziecka. Jest to budynek po [&hellip;]<\/p>\n","protected":false},"author":72,"featured_media":0,"parent":17,"menu_order":0,"comment_status":"closed","ping_status":"closed","template":"","meta":{"ngg_post_thumbnail":0,"footnotes":""},"class_list":["post-69","page","type-page","status-publish","hentry","clearfix"],"_links":{"self":[{"href":"https:\/\/przedszkole107.edu.wroclaw.pl\/index.php\/wp-json\/wp\/v2\/pages\/69","targetHints":{"allow":["GET"]}}],"collection":[{"href":"https:\/\/przedszkole107.edu.wroclaw.pl\/index.php\/wp-json\/wp\/v2\/pages"}],"about":[{"href":"https:\/\/przedszkole107.edu.wroclaw.pl\/index.php\/wp-json\/wp\/v2\/types\/page"}],"author":[{"embeddable":true,"href":"https:\/\/przedszkole107.edu.wroclaw.pl\/index.php\/wp-json\/wp\/v2\/users\/72"}],"replies":[{"embeddable":true,"href":"https:\/\/przedszkole107.edu.wroclaw.pl\/index.php\/wp-json\/wp\/v2\/comments?post=69"}],"version-history":[{"count":3,"href":"https:\/\/przedszkole107.edu.wroclaw.pl\/index.php\/wp-json\/wp\/v2\/pages\/69\/revisions"}],"predecessor-version":[{"id":635,"href":"https:\/\/przedszkole107.edu.wroclaw.pl\/index.php\/wp-json\/wp\/v2\/pages\/69\/revisions\/635"}],"up":[{"embeddable":true,"href":"https:\/\/przedszkole107.edu.wroclaw.pl\/index.php\/wp-json\/wp\/v2\/pages\/17"}],"wp:attachment":[{"href":"https:\/\/przedszkole107.edu.wroclaw.pl\/index.php\/wp-json\/wp\/v2\/media?parent=69"}],"curies":[{"name":"wp","href":"https:\/\/api.w.org\/{rel}","templated":true}]}}