
{"id":52,"date":"2020-10-16T08:04:55","date_gmt":"2020-10-16T06:04:55","guid":{"rendered":"https:\/\/przedszkole107.edu.wroclaw.pl\/?page_id=52"},"modified":"2025-03-27T18:32:59","modified_gmt":"2025-03-27T17:32:59","slug":"kontakt","status":"publish","type":"page","link":"https:\/\/przedszkole107.edu.wroclaw.pl\/index.php\/kontakt\/","title":{"rendered":"Kontakt"},"content":{"rendered":"<div class=\"wpb-content-wrapper\"><p>[vc_row full_width=&#8221;stretch_row_content_no_spaces&#8221;][vc_column][vc_raw_html]JTNDaWZyYW1lJTIwd2lkdGglM0QlMjIxMDAlMjUlMjIlMjBoZWlnaHQlM0QlMjI1MDAlMjIlMjBzcmMlM0QlMjJodHRwcyUzQSUyRiUyRnd3dy5nb29nbGUuY29tJTJGbWFwcyUyRmVtYmVkJTNGcGIlM0QlMjExbTE4JTIxMW0xMiUyMTFtMyUyMTFkMjUwNS41NDAzNDQwNjUwNjklMjEyZDE3LjAxNDUxNzIxNjA1JTIxM2Q1MS4wOTg0ODk5Nzk1Njk5OSUyMTJtMyUyMTFmMCUyMTJmMCUyMTNmMCUyMTNtMiUyMTFpMTAyNCUyMTJpNzY4JTIxNGYxMy4xJTIxM20zJTIxMW0yJTIxMXMweDQ3MGZjMjEzN2I4MmU0Y2YlMjUzQTB4OTVkODM0N2QxMDBjZTlmOSUyMTJzV2luY2VudGVnbyUyNTIwU3R5c2lhJTI1MjA3MSUyNTJDJTI1MjA1My01MjclMjUyMFdyb2MlMjVDNSUyNTgyYXclMjE1ZTAlMjEzbTIlMjExc3BsJTIxMnNwbCUyMTR2MTYwMjg0ODg2MTA2MiUyMTVtMiUyMTFzcGwlMjEyc3BsJTIyJTIwZnJhbWVib3JkZXIlM0QlMjIwJTIyJTIwc2Nyb2xsaW5nJTNEJTIybm8lMjIlMjBtYXJnaW5oZWlnaHQlM0QlMjIwJTIyJTIwbWFyZ2lud2lkdGglM0QlMjIwJTIyJTNFJTNDJTJGaWZyYW1lJTNF[\/vc_raw_html][\/vc_column][\/vc_row][vc_row css=&#8221;.vc_custom_1603959962834{margin-bottom: -30px !important;}&#8221;][vc_column][vc_column_text]<\/p>\n<h2 style=\"text-align: center\"><span style=\"font-size: 24pt\">Skontaktuj si\u0119 z nami<\/span><\/h2>\n<hr style=\"height: 2px;border-width: 0;color: red;background-color: red;width: 40%\" \/>\n<p>[\/vc_column_text][\/vc_column][\/vc_row][vc_row][vc_column width=&#8221;1\/2&#8243;][vc_raw_html]JTNDdGFibGUlM0UlMEElM0N0ciUzRSUwQSUzQ3RkJTNFJTNDc3BhbiUyMGNsYXNzJTNEJTIycGUtcm91bmQlMjIlM0UlM0NzcGFuJTIwY2xhc3MlM0QlMjJmYSUyMGZhLWJ1aWxkaW5nJTIwZmEtNHglMjIlMjBzdHlsZSUzRCUyMmNvbG9yJTNBJTIwJTIzM0U4MzRGJTNCJTIwcGFkZGluZyUzQSUyMDE1cHglM0IlMjIlMjAlMjIlM0UlM0MlMkZzcGFuJTNFJTNDJTJGc3BhbiUzRSUyMCUzQyUyRnRkJTNFJTBBJTNDdGQlM0UlM0NiJTIwc3R5bGUlM0QlMjJjb2xvciUzQSUyMzNFODM0RiUzQiUyMGZvbnQtc2l6ZSUzQTE4cHglMjIlM0UlMjBQcnplZHN6a29sZSUyMG5yJTIwMTA3JTIwJTIyUyVDNSU4Mm9uZWN6a28lMjIlMjB3ZSUyMFdyb2MlQzUlODJhd2l1JUUyJTgwJTlEJTNDYnIlMjAlMkYlM0UlMEF1bC4lMjBXLiUyMFN0eXNpYSUyMDcxJTNDYnIlMjAlMkYlM0UlMEE1My01MjklMjBXcm9jJUM1JTgyYXclM0MlMkZiJTNFJTIwJTNDYnIlM0UlM0MlMkZ0ZCUzRSUwQSUzQyUyRnRyJTNFJTBBJTNDJTJGdGFibGUlM0U=[\/vc_raw_html][vc_raw_html css=&#8221;&#8221;]JTNDdGFibGUlM0UlMEElM0N0ciUzRSUwQSUzQ3RkJTNFJTNDc3BhbiUyMGNsYXNzJTNEJTIycGUtcm91bmQlMjIlM0UlM0NzcGFuJTIwY2xhc3MlM0QlMjJmYSUyMGZhLXBob25lJTIwZmEtNHglMjIlMjBzdHlsZSUzRCUyMmNvbG9yJTNBJTIwJTIzM0U4MzRGJTNCJTIwcGFkZGluZyUzQSUyMDE1cHglM0IlMjIlMjAlMjIlM0UlM0MlMkZzcGFuJTNFJTNDJTJGc3BhbiUzRSUyMCUzQyUyRnRkJTNFJTBBJTNDdGQlM0UlM0NiJTIwc3R5bGUlM0QlMjJjb2xvciUzQSUyMzNFODM0RiUzQiUyMGZvbnQtc2l6ZSUzQTE4cHglMjIlM0VUZWxlZm9uJTNBJTIwNzElMjA3OTglMjA2NyUyMDUyJTNDJTJGdGQlM0UlM0MlMkZ0ciUzRSUwQSUzQ3RoJTNFJTBBJTNDdGQlM0UlM0NiJTIwc3R5bGUlM0QlMjJjb2xvciUzQSUyMzNFODM0RiUzQiUyMGZvbnQtc2l6ZSUzQTE4cHglMjIlM0UlMEF3ZXcuJTIwMTAxJTIwLSUyMER5cmVrdG9yJTNDYnIlMjAlMkYlM0UlMEF3ZXcuJTIwMTAyJTIwLSUyMHotY2ElMjBEeXJla3RvcmElM0NiciUyMCUyRiUzRSUwQXdldy4lMjAxMDMlMjAtJTIwc2FsYSUyMCVDNSVCQmFia2klM0NiciUyMCUyRiUzRSUwQXdldy4lMjAyMDUlMjAtJTIwc2FsYSUyMEJpZWRyb25raSUyMCUyOHBvJTIwMTQlM0EwMCUyOSUzQ2JyJTIwJTJGJTNFJTBBd2V3LiUyMDIwNiUyMC0lMjBzYWxhJTIwUHN6Y3olQzMlQjMlQzUlODJraSUzQ2JyJTIwJTJGJTNFJTBBd2V3LiUyMDIwNyUyMC0lMjBzYWxhJTIwTW90eWxraSUyMCUyOGRvJTIwMTYlM0EzMCUyOSUzQ2JyJTIwJTJGJTNFJTBBd2V3LiUyMDIwOCUyMC0lMjBzYWxhJTIwU293eSUyMCUyOGRvJTIwMTYlM0EwMCUyOSUzQ2JyJTIwJTJGJTNFJTBBd2V3LiUyMDExMyUyMC0lMjBJbnRlbmRlbnQlM0MlMkZiJTNFJTIwJTNDYnIlM0UlM0MlMkZ0ZCUzRSUwQSUzQyUyRnRyJTNFJTBBJTNDJTJGdGFibGUlM0U=[\/vc_raw_html][vc_raw_html]JTNDdGFibGUlM0UlMEElM0N0ciUzRSUwQSUzQ3RkJTNFJTNDc3BhbiUyMGNsYXNzJTNEJTIycGUtcm91bmQlMjIlM0UlM0NzcGFuJTIwY2xhc3MlM0QlMjJmYSUyMGZhLWVudmVsb3BlJTIwZmEtNHglMjIlMjBzdHlsZSUzRCUyMmNvbG9yJTNBJTIwJTIzM0U4MzRGJTNCJTIwcGFkZGluZyUzQSUyMDE1cHglM0IlMjIlMjAlMjIlM0UlM0MlMkZzcGFuJTNFJTNDJTJGc3BhbiUzRSUyMCUzQyUyRnRkJTNFJTBBJTNDdGQlM0UlM0NiJTIwc3R5bGUlM0QlMjJjb2xvciUzQSUyMzNFODM0RiUzQiUyMGZvbnQtc2l6ZSUzQTE4cHglMjIlM0VBZHJlcyUyMGUtbWFpbCUzQSUyMCUzQ2ElMjBocmVmJTNEJTIybWFpbHRvJTNBc2VrcmV0YXJpYXQucDEwNyU0MHdyb2NsYXdza2FlZHVrYWNqYS5wbCUyMiUzRXNla3JldGFyaWF0LnAxMDclNDB3cm9jbGF3c2thZWR1a2FjamEucGwlM0MlMkZhJTNFJTNDYnIlMjAlMkYlM0UlMEElM0MlMkZiJTNFJTIwJTNDYnIlM0UlM0MlMkZ0ZCUzRSUwQSUzQyUyRnRyJTNFJTBBJTNDJTJGdGFibGUlM0U=[\/vc_raw_html][\/vc_column][\/vc_row][vc_row][vc_column][vc_column_text]Tomasz Grzybowski<br \/>\nInspektor Ochrony Danych<br \/>\nkontakt: +48 501 083 482<br \/>\ne-mail: inspektor@coreconsulting.pl<\/p>\n<p>&#8211; Istnieje mo\u017cliwo\u015b\u0107 komunikacji z Przedszkolem za po\u015brednictwem Elektronicznej Skrzynki Podawczej: \/P-107\/SkrytkaEPS[\/vc_column_text][\/vc_column][\/vc_row]<\/p>\n<\/div>","protected":false},"excerpt":{"rendered":"<p>[vc_row full_width=&#8221;stretch_row_content_no_spaces&#8221;][vc_column][vc_raw_html]JTNDaWZyYW1lJTIwd2lkdGglM0QlMjIxMDAlMjUlMjIlMjBoZWlnaHQlM0QlMjI1MDAlMjIlMjBzcmMlM0QlMjJodHRwcyUzQSUyRiUyRnd3dy5nb29nbGUuY29tJTJGbWFwcyUyRmVtYmVkJTNGcGIlM0QlMjExbTE4JTIxMW0xMiUyMTFtMyUyMTFkMjUwNS41NDAzNDQwNjUwNjklMjEyZDE3LjAxNDUxNzIxNjA1JTIxM2Q1MS4wOTg0ODk5Nzk1Njk5OSUyMTJtMyUyMTFmMCUyMTJmMCUyMTNmMCUyMTNtMiUyMTFpMTAyNCUyMTJpNzY4JTIxNGYxMy4xJTIxM20zJTIxMW0yJTIxMXMweDQ3MGZjMjEzN2I4MmU0Y2YlMjUzQTB4OTVkODM0N2QxMDBjZTlmOSUyMTJzV2luY2VudGVnbyUyNTIwU3R5c2lhJTI1MjA3MSUyNTJDJTI1MjA1My01MjclMjUyMFdyb2MlMjVDNSUyNTgyYXclMjE1ZTAlMjEzbTIlMjExc3BsJTIxMnNwbCUyMTR2MTYwMjg0ODg2MTA2MiUyMTVtMiUyMTFzcGwlMjEyc3BsJTIyJTIwZnJhbWVib3JkZXIlM0QlMjIwJTIyJTIwc2Nyb2xsaW5nJTNEJTIybm8lMjIlMjBtYXJnaW5oZWlnaHQlM0QlMjIwJTIyJTIwbWFyZ2lud2lkdGglM0QlMjIwJTIyJTNFJTNDJTJGaWZyYW1lJTNF[\/vc_raw_html][\/vc_column][\/vc_row][vc_row css=&#8221;.vc_custom_1603959962834{margin-bottom: -30px !important;}&#8221;][vc_column][vc_column_text] Skontaktuj si\u0119 z nami [\/vc_column_text][\/vc_column][\/vc_row][vc_row][vc_column width=&#8221;1\/2&#8243;][vc_raw_html]JTNDdGFibGUlM0UlMEElM0N0ciUzRSUwQSUzQ3RkJTNFJTNDc3BhbiUyMGNsYXNzJTNEJTIycGUtcm91bmQlMjIlM0UlM0NzcGFuJTIwY2xhc3MlM0QlMjJmYSUyMGZhLWJ1aWxkaW5nJTIwZmEtNHglMjIlMjBzdHlsZSUzRCUyMmNvbG9yJTNBJTIwJTIzM0U4MzRGJTNCJTIwcGFkZGluZyUzQSUyMDE1cHglM0IlMjIlMjAlMjIlM0UlM0MlMkZzcGFuJTNFJTNDJTJGc3BhbiUzRSUyMCUzQyUyRnRkJTNFJTBBJTNDdGQlM0UlM0NiJTIwc3R5bGUlM0QlMjJjb2xvciUzQSUyMzNFODM0RiUzQiUyMGZvbnQtc2l6ZSUzQTE4cHglMjIlM0UlMjBQcnplZHN6a29sZSUyMG5yJTIwMTA3JTIwJTIyUyVDNSU4Mm9uZWN6a28lMjIlMjB3ZSUyMFdyb2MlQzUlODJhd2l1JUUyJTgwJTlEJTNDYnIlMjAlMkYlM0UlMEF1bC4lMjBXLiUyMFN0eXNpYSUyMDcxJTNDYnIlMjAlMkYlM0UlMEE1My01MjklMjBXcm9jJUM1JTgyYXclM0MlMkZiJTNFJTIwJTNDYnIlM0UlM0MlMkZ0ZCUzRSUwQSUzQyUyRnRyJTNFJTBBJTNDJTJGdGFibGUlM0U=[\/vc_raw_html][vc_raw_html css=&#8221;&#8221;]JTNDdGFibGUlM0UlMEElM0N0ciUzRSUwQSUzQ3RkJTNFJTNDc3BhbiUyMGNsYXNzJTNEJTIycGUtcm91bmQlMjIlM0UlM0NzcGFuJTIwY2xhc3MlM0QlMjJmYSUyMGZhLXBob25lJTIwZmEtNHglMjIlMjBzdHlsZSUzRCUyMmNvbG9yJTNBJTIwJTIzM0U4MzRGJTNCJTIwcGFkZGluZyUzQSUyMDE1cHglM0IlMjIlMjAlMjIlM0UlM0MlMkZzcGFuJTNFJTNDJTJGc3BhbiUzRSUyMCUzQyUyRnRkJTNFJTBBJTNDdGQlM0UlM0NiJTIwc3R5bGUlM0QlMjJjb2xvciUzQSUyMzNFODM0RiUzQiUyMGZvbnQtc2l6ZSUzQTE4cHglMjIlM0VUZWxlZm9uJTNBJTIwNzElMjA3OTglMjA2NyUyMDUyJTNDJTJGdGQlM0UlM0MlMkZ0ciUzRSUwQSUzQ3RoJTNFJTBBJTNDdGQlM0UlM0NiJTIwc3R5bGUlM0QlMjJjb2xvciUzQSUyMzNFODM0RiUzQiUyMGZvbnQtc2l6ZSUzQTE4cHglMjIlM0UlMEF3ZXcuJTIwMTAxJTIwLSUyMER5cmVrdG9yJTNDYnIlMjAlMkYlM0UlMEF3ZXcuJTIwMTAyJTIwLSUyMHotY2ElMjBEeXJla3RvcmElM0NiciUyMCUyRiUzRSUwQXdldy4lMjAxMDMlMjAtJTIwc2FsYSUyMCVDNSVCQmFia2klM0NiciUyMCUyRiUzRSUwQXdldy4lMjAyMDUlMjAtJTIwc2FsYSUyMEJpZWRyb25raSUyMCUyOHBvJTIwMTQlM0EwMCUyOSUzQ2JyJTIwJTJGJTNFJTBBd2V3LiUyMDIwNiUyMC0lMjBzYWxhJTIwUHN6Y3olQzMlQjMlQzUlODJraSUzQ2JyJTIwJTJGJTNFJTBBd2V3LiUyMDIwNyUyMC0lMjBzYWxhJTIwTW90eWxraSUyMCUyOGRvJTIwMTYlM0EzMCUyOSUzQ2JyJTIwJTJGJTNFJTBBd2V3LiUyMDIwOCUyMC0lMjBzYWxhJTIwU293eSUyMCUyOGRvJTIwMTYlM0EwMCUyOSUzQ2JyJTIwJTJGJTNFJTBBd2V3LiUyMDExMyUyMC0lMjBJbnRlbmRlbnQlM0MlMkZiJTNFJTIwJTNDYnIlM0UlM0MlMkZ0ZCUzRSUwQSUzQyUyRnRyJTNFJTBBJTNDJTJGdGFibGUlM0U=[\/vc_raw_html][vc_raw_html]JTNDdGFibGUlM0UlMEElM0N0ciUzRSUwQSUzQ3RkJTNFJTNDc3BhbiUyMGNsYXNzJTNEJTIycGUtcm91bmQlMjIlM0UlM0NzcGFuJTIwY2xhc3MlM0QlMjJmYSUyMGZhLWVudmVsb3BlJTIwZmEtNHglMjIlMjBzdHlsZSUzRCUyMmNvbG9yJTNBJTIwJTIzM0U4MzRGJTNCJTIwcGFkZGluZyUzQSUyMDE1cHglM0IlMjIlMjAlMjIlM0UlM0MlMkZzcGFuJTNFJTNDJTJGc3BhbiUzRSUyMCUzQyUyRnRkJTNFJTBBJTNDdGQlM0UlM0NiJTIwc3R5bGUlM0QlMjJjb2xvciUzQSUyMzNFODM0RiUzQiUyMGZvbnQtc2l6ZSUzQTE4cHglMjIlM0VBZHJlcyUyMGUtbWFpbCUzQSUyMCUzQ2ElMjBocmVmJTNEJTIybWFpbHRvJTNBc2VrcmV0YXJpYXQucDEwNyU0MHdyb2NsYXdza2FlZHVrYWNqYS5wbCUyMiUzRXNla3JldGFyaWF0LnAxMDclNDB3cm9jbGF3c2thZWR1a2FjamEucGwlM0MlMkZhJTNFJTNDYnIlMjAlMkYlM0UlMEElM0MlMkZiJTNFJTIwJTNDYnIlM0UlM0MlMkZ0ZCUzRSUwQSUzQyUyRnRyJTNFJTBBJTNDJTJGdGFibGUlM0U=[\/vc_raw_html][\/vc_column][\/vc_row][vc_row][vc_column][vc_column_text]Tomasz Grzybowski Inspektor Ochrony Danych kontakt: +48 501 083 482 e-mail: inspektor@coreconsulting.pl &#8211; Istnieje mo\u017cliwo\u015b\u0107 komunikacji z Przedszkolem za [&hellip;]<\/p>\n","protected":false},"author":72,"featured_media":0,"parent":0,"menu_order":0,"comment_status":"closed","ping_status":"closed","template":"","meta":{"ngg_post_thumbnail":0,"footnotes":""},"class_list":["post-52","page","type-page","status-publish","hentry","clearfix"],"_links":{"self":[{"href":"https:\/\/przedszkole107.edu.wroclaw.pl\/index.php\/wp-json\/wp\/v2\/pages\/52","targetHints":{"allow":["GET"]}}],"collection":[{"href":"https:\/\/przedszkole107.edu.wroclaw.pl\/index.php\/wp-json\/wp\/v2\/pages"}],"about":[{"href":"https:\/\/przedszkole107.edu.wroclaw.pl\/index.php\/wp-json\/wp\/v2\/types\/page"}],"author":[{"embeddable":true,"href":"https:\/\/przedszkole107.edu.wroclaw.pl\/index.php\/wp-json\/wp\/v2\/users\/72"}],"replies":[{"embeddable":true,"href":"https:\/\/przedszkole107.edu.wroclaw.pl\/index.php\/wp-json\/wp\/v2\/comments?post=52"}],"version-history":[{"count":41,"href":"https:\/\/przedszkole107.edu.wroclaw.pl\/index.php\/wp-json\/wp\/v2\/pages\/52\/revisions"}],"predecessor-version":[{"id":633,"href":"https:\/\/przedszkole107.edu.wroclaw.pl\/index.php\/wp-json\/wp\/v2\/pages\/52\/revisions\/633"}],"wp:attachment":[{"href":"https:\/\/przedszkole107.edu.wroclaw.pl\/index.php\/wp-json\/wp\/v2\/media?parent=52"}],"curies":[{"name":"wp","href":"https:\/\/api.w.org\/{rel}","templated":true}]}}