
{"id":466,"date":"2020-11-02T11:56:57","date_gmt":"2020-11-02T10:56:57","guid":{"rendered":"https:\/\/przedszkole107.edu.wroclaw.pl\/?page_id=466"},"modified":"2020-11-02T11:57:44","modified_gmt":"2020-11-02T10:57:44","slug":"rozklad-dnia","status":"publish","type":"page","link":"https:\/\/przedszkole107.edu.wroclaw.pl\/index.php\/strona-glowna\/rozklad-dnia\/","title":{"rendered":"Rozk\u0142ad dnia"},"content":{"rendered":"<div class=\"wpb-content-wrapper\"><p>[vc_row][vc_column][vc_column_text]<span style=\"font-size: 14pt;\"><strong>6.30 \u2013 7.45&nbsp; &nbsp; <\/strong>Schodzenie si\u0119 dzieci do przedszkola: zabawy dowolne wed\u0142ug zainteresowa\u0144 dzieci (manipulacyjne, konstrukcyjne, tematyczne, integruj\u0105ce grup\u0119).<\/span><br \/>\n<span style=\"font-size: 14pt;\"><strong>7.45 \u2013 8.15<\/strong>&nbsp; &nbsp; Wspomaganie i koordynowanie rozwoju dziecka, praca z dzieckiem uzdolnionym \u2013 praca indywidualna lub w ma\u0142ych zespo\u0142ach.<\/span><br \/>\n<span style=\"font-size: 14pt;\"><strong>8.15 \u2013 8.30<\/strong>&nbsp; &nbsp; Czynno\u015bci porz\u0105dkowe, zestaw \u0107wicze\u0144 porannych, czynno\u015bci higieniczne.<\/span><br \/>\n<span style=\"font-size: 14pt;\"><strong>8.30 \u2013 9.00<\/strong>&nbsp; &nbsp; <span style=\"color: #ff0000;\">I \u015bniadanie.<\/span><\/span><br \/>\n<span style=\"font-size: 14pt;\"><strong>9.00 \u2013 10.00<\/strong>&nbsp; &nbsp; <span style=\"color: #0000ff;\">Zaj\u0119cia dydaktyczne.<\/span><\/span><br \/>\n<span style=\"font-size: 14pt;\"><strong>10.00 \u2013 10.45<\/strong>&nbsp; &nbsp; Zabawy dowolne lub z niewielkim udzia\u0142em nauczyciela, obserwacje; pobyt na \u015bwie\u017cym powietrzu (spacery, obserwacje przyrodnicze, zabawy&nbsp; ruchowe w ogrodzie przedszkolnym).<\/span><br \/>\n<span style=\"font-size: 14pt;\"><strong>10.45 \u2013 11.00<\/strong>&nbsp; &nbsp; Czynno\u015bci porz\u0105dkowe i higieniczne.<\/span><br \/>\n<span style=\"font-size: 14pt;\"><strong>11.00 \u2013 11.20&nbsp;<\/strong> &nbsp; <span style=\"color: #ff0000;\">II \u015bniadanie.<\/span><\/span><br \/>\n<span style=\"font-size: 14pt;\"><strong>11.20 \u2013 13.00<\/strong>&nbsp; &nbsp; <span style=\"color: #008000;\">Le\u017cakowanie w grupie dzieci najm\u0142odszych.<\/span><\/span><br \/>\n<span style=\"font-size: 14pt;\"><strong>11.20 \u2013 11.50<\/strong>&nbsp; &nbsp; Wspomaganie i koordynowanie rozwoju dziecka, praca z dzieckiem uzdolnionym \u2013 praca indywidualna.<\/span><br \/>\n<span style=\"font-size: 14pt;\"><strong>11.50 \u2013 13.15<\/strong>&nbsp; &nbsp; Spacery, obserwacje przyrodnicze, zabawy ruchowe w ogrodzie przedszkolnym.<\/span><br \/>\n<span style=\"font-size: 14pt;\"><strong>13.15 \u2013 13.30<\/strong>&nbsp; &nbsp; Czynno\u015bci porz\u0105dkowe i higieniczne.<\/span><br \/>\n<span style=\"font-size: 14pt;\"><strong>13.30 \u2013 14.00<\/strong>&nbsp; &nbsp; <span style=\"color: #ff0000;\">Obiad.<\/span><\/span><br \/>\n<span style=\"font-size: 14pt;\"><strong>14.00 \u2013 14.30<\/strong>&nbsp; &nbsp; Bajkoterapia, \u0107wiczenia relaksacyjne, zabawy tematyczne.<\/span><br \/>\n<span style=\"font-size: 14pt;\"><strong>14.30 \u2013 15.30<\/strong>&nbsp; &nbsp; Zabawy ruchowe w ogrodzie przedszkolnym, obserwacje przyrodnicze.<\/span><br \/>\n<span style=\"font-size: 14pt;\"><strong>15.30 \u2013 17.00<\/strong>&nbsp; &nbsp; Zabawy dowolne wed\u0142ug zainteresowa\u0144 dzieci; czynno\u015bci porz\u0105dkowe.<\/span>[\/vc_column_text][\/vc_column][\/vc_row]<\/p>\n<\/div>","protected":false},"excerpt":{"rendered":"<p>[vc_row][vc_column][vc_column_text]6.30 \u2013 7.45&nbsp; &nbsp; Schodzenie si\u0119 dzieci do przedszkola: zabawy dowolne wed\u0142ug zainteresowa\u0144 dzieci (manipulacyjne, konstrukcyjne, tematyczne, integruj\u0105ce grup\u0119). 7.45 \u2013 8.15&nbsp; &nbsp; Wspomaganie i koordynowanie rozwoju dziecka, praca z [&hellip;]<\/p>\n","protected":false},"author":72,"featured_media":0,"parent":17,"menu_order":0,"comment_status":"closed","ping_status":"closed","template":"","meta":{"ngg_post_thumbnail":0,"footnotes":""},"class_list":["post-466","page","type-page","status-publish","hentry","clearfix"],"_links":{"self":[{"href":"https:\/\/przedszkole107.edu.wroclaw.pl\/index.php\/wp-json\/wp\/v2\/pages\/466","targetHints":{"allow":["GET"]}}],"collection":[{"href":"https:\/\/przedszkole107.edu.wroclaw.pl\/index.php\/wp-json\/wp\/v2\/pages"}],"about":[{"href":"https:\/\/przedszkole107.edu.wroclaw.pl\/index.php\/wp-json\/wp\/v2\/types\/page"}],"author":[{"embeddable":true,"href":"https:\/\/przedszkole107.edu.wroclaw.pl\/index.php\/wp-json\/wp\/v2\/users\/72"}],"replies":[{"embeddable":true,"href":"https:\/\/przedszkole107.edu.wroclaw.pl\/index.php\/wp-json\/wp\/v2\/comments?post=466"}],"version-history":[{"count":2,"href":"https:\/\/przedszkole107.edu.wroclaw.pl\/index.php\/wp-json\/wp\/v2\/pages\/466\/revisions"}],"predecessor-version":[{"id":469,"href":"https:\/\/przedszkole107.edu.wroclaw.pl\/index.php\/wp-json\/wp\/v2\/pages\/466\/revisions\/469"}],"up":[{"embeddable":true,"href":"https:\/\/przedszkole107.edu.wroclaw.pl\/index.php\/wp-json\/wp\/v2\/pages\/17"}],"wp:attachment":[{"href":"https:\/\/przedszkole107.edu.wroclaw.pl\/index.php\/wp-json\/wp\/v2\/media?parent=466"}],"curies":[{"name":"wp","href":"https:\/\/api.w.org\/{rel}","templated":true}]}}