
{"id":160,"date":"2020-10-29T11:37:00","date_gmt":"2020-10-29T10:37:00","guid":{"rendered":"https:\/\/przedszkole107.edu.wroclaw.pl\/?page_id=160"},"modified":"2025-04-07T17:38:27","modified_gmt":"2025-04-07T15:38:27","slug":"xiii-przeglad-wiersza-i-etiudy-logopedycznej-gimnastyka-dla-jezyka","status":"publish","type":"page","link":"https:\/\/przedszkole107.edu.wroclaw.pl\/index.php\/xiii-przeglad-wiersza-i-etiudy-logopedycznej-gimnastyka-dla-jezyka\/","title":{"rendered":"XVI Przegl\u0105d Wiersza i Etiudy Logopedycznej ,,Gimnastyka dla j\u0119zyka\u201d"},"content":{"rendered":"<div class=\"wpb-content-wrapper\"><p>[vc_row][vc_column][vc_column_text css=&#8221;&#8221;]<\/p>\n<h2><strong>XVI\u00a0<\/strong><strong>Przegl\u0105d\u00a0 Wiersza \u00a0i\u00a0 Etiudy \u00a0Logopedycznej<\/strong><\/h2>\n<h2><strong>,,Gimnastyka dla j\u0119zyka\u201d<\/strong><\/h2>\n<p><strong>organizowany w ramach Miejskiego Programu Profilaktyki Logopedycznej\u00a0<\/strong><strong>we Wroc\u0142awiu<\/strong><\/p>\n<p>Przegl\u0105d odb\u0119dzie si\u0119\u00a009.04.2025\u00a0r. w godz.\u00a09.00.-14.00.\u00a0(podzia\u0142 na tury podany zostanie w p\u00f3\u017aniejszym terminie I Tura; II Tura) w M\u0142odzie\u017cowym Domu Kultury ul. Duboisa 5<\/p>\n<h4><strong>Termin nadsy\u0142ania zg\u0142osze\u0144:\u00a0<\/strong><\/h4>\n<p>Wiersza logopedycznego ( I kategoria) i logopedycznej etiudy teatralnej ( II kategoria)<\/p>\n<p>w dniach\u00a0<strong>\u00a003-07.03.2025r.<\/strong><\/p>\n<p>Nauczyciel jest zobowi\u0105zany do wys\u0142ania drog\u0105 elektroniczn\u0105 na adres:\u00a0<a href=\"mailto:Bozena.Macewicz@wroclawskaedukacja.pl\">Bozena.Macewicz@wroclawskaedukacja.pl<\/a>\u00a0informacji z zaznaczeniem opcji potwierdzenia odbioru wype\u0142niaj\u0105c drukowanymi literami odpowiedni\u0105 do kategorii tabelk\u0119.<\/p>\n<p><strong>Warunkiem udzia\u0142u w Przegl\u0105dzie jest przes\u0142anie zg\u0142oszenia w\u0142\u0105cznie z odpowiednimi do kategorii (Wiersz\/Etiuda) za\u0142\u0105cznikami.<\/strong><\/p>\n<p>WYNIKI:<\/p>\n<p><a href=\"https:\/\/przedszkole107.edu.wroclaw.pl\/wp-content\/uploads\/sites\/46\/2025\/04\/I-TURA-2025r.docx.pdf\">I TURA 2025r..docx<\/a><\/p>\n<p><a href=\"https:\/\/przedszkole107.edu.wroclaw.pl\/wp-content\/uploads\/sites\/46\/2025\/04\/II-TURA-2025r.rtf_.pdf\">II TURA 2025r..rtf<\/a><\/p>\n<p>REGULAMIN[\/vc_column_text][vc_column_text css=&#8221;&#8221;]<a href=\"https:\/\/przedszkole107.edu.wroclaw.pl\/wp-content\/uploads\/sites\/46\/2025\/03\/XVI-przegld-wiersza-etiudy-logopedycznej1.docx.pdf\">XVI-przegld-wiersza-etiudy-logopedycznej(1).docx<\/a><\/p>\n<p><a href=\"https:\/\/przedszkole107.edu.wroclaw.pl\/wp-content\/uploads\/sites\/46\/2025\/03\/ZGODY-XVI-przegld-wiersza-etiudy-logopedycznej1.docx.pdf\">ZGODY XVI-przegld-wiersza-etiudy-logopedycznej(1).docx<\/a><\/p>\n<p>[\/vc_column_text][\/vc_column][\/vc_row]<\/p>\n<\/div>","protected":false},"excerpt":{"rendered":"<p>[vc_row][vc_column][vc_column_text css=&#8221;&#8221;] XVI\u00a0Przegl\u0105d\u00a0 Wiersza \u00a0i\u00a0 Etiudy \u00a0Logopedycznej ,,Gimnastyka dla j\u0119zyka\u201d organizowany w ramach Miejskiego Programu Profilaktyki Logopedycznej\u00a0we Wroc\u0142awiu Przegl\u0105d odb\u0119dzie si\u0119\u00a009.04.2025\u00a0r. w godz.\u00a09.00.-14.00.\u00a0(podzia\u0142 na tury podany zostanie w p\u00f3\u017aniejszym terminie [&hellip;]<\/p>\n","protected":false},"author":72,"featured_media":0,"parent":0,"menu_order":0,"comment_status":"closed","ping_status":"closed","template":"","meta":{"ngg_post_thumbnail":0,"footnotes":""},"class_list":["post-160","page","type-page","status-publish","hentry","clearfix"],"_links":{"self":[{"href":"https:\/\/przedszkole107.edu.wroclaw.pl\/index.php\/wp-json\/wp\/v2\/pages\/160","targetHints":{"allow":["GET"]}}],"collection":[{"href":"https:\/\/przedszkole107.edu.wroclaw.pl\/index.php\/wp-json\/wp\/v2\/pages"}],"about":[{"href":"https:\/\/przedszkole107.edu.wroclaw.pl\/index.php\/wp-json\/wp\/v2\/types\/page"}],"author":[{"embeddable":true,"href":"https:\/\/przedszkole107.edu.wroclaw.pl\/index.php\/wp-json\/wp\/v2\/users\/72"}],"replies":[{"embeddable":true,"href":"https:\/\/przedszkole107.edu.wroclaw.pl\/index.php\/wp-json\/wp\/v2\/comments?post=160"}],"version-history":[{"count":6,"href":"https:\/\/przedszkole107.edu.wroclaw.pl\/index.php\/wp-json\/wp\/v2\/pages\/160\/revisions"}],"predecessor-version":[{"id":663,"href":"https:\/\/przedszkole107.edu.wroclaw.pl\/index.php\/wp-json\/wp\/v2\/pages\/160\/revisions\/663"}],"wp:attachment":[{"href":"https:\/\/przedszkole107.edu.wroclaw.pl\/index.php\/wp-json\/wp\/v2\/media?parent=160"}],"curies":[{"name":"wp","href":"https:\/\/api.w.org\/{rel}","templated":true}]}}